{"id":9,"date":"2026-01-30T05:30:21","date_gmt":"2026-01-30T05:30:21","guid":{"rendered":"https:\/\/techinsightnet.net\/?page_id=9"},"modified":"2026-01-30T05:30:21","modified_gmt":"2026-01-30T05:30:21","slug":"trang-chu","status":"publish","type":"page","link":"https:\/\/techinsightnet.net\/","title":{"rendered":"Trang ch\u1ee7"},"content":{"rendered":"\n<!-- Trang ch\u1ee7 techinsightnet.net -->\n<div class=\"techinsightnet-home\">\n  <nav class=\"navbar\">\n    <div class=\"logo\">TechInsightNet<span>.net<\/span><\/div>\n    <ul class=\"nav-links\">\n      <li><a href=\"#\">Tin c\u00f4ng ngh\u1ec7<\/a><\/li>\n      <li><a href=\"#\">Ph\u00e2n t\u00edch<\/a><\/li>\n      <li><a href=\"#\">Xu h\u01b0\u1edbng<\/a><\/li>\n      <li><a href=\"#\">Li\u00ean h\u1ec7<\/a><\/li>\n    <\/ul>\n  <\/nav>\n  <section class=\"hero\">\n    <h1>Kh\u00e1m ph\u00e1 tri th\u1ee9c c\u00f4ng ngh\u1ec7 c\u00f9ng TechInsightNet.net<\/h1>\n    <p>C\u1eadp nh\u1eadt tin t\u1ee9c, ph\u00e2n t\u00edch chuy\u00ean s\u00e2u v\u00e0 xu h\u01b0\u1edbng c\u00f4ng ngh\u1ec7 m\u1edbi nh\u1ea5t m\u1ed7i ng\u00e0y.<\/p>\n    <a href=\"#\" class=\"cta-btn\">Xem b\u00e0i n\u1ed5i b\u1eadt<\/a>\n  <\/section>\n  <section class=\"features\">\n    <div class=\"feature\">\n      <div class=\"icon\">\ud83d\udca1<\/div>\n      <h2>Tin t\u1ee9c c\u00f4ng ngh\u1ec7<\/h2>\n      <p>Th\u00f4ng tin m\u1edbi nh\u1ea5t v\u1ec1 c\u00f4ng ngh\u1ec7, s\u1ea3n ph\u1ea9m, startup v\u00e0 \u0111\u1ed5i m\u1edbi s\u00e1ng t\u1ea1o.<\/p>\n    <\/div>\n    <div class=\"feature\">\n      <div class=\"icon\">\ud83d\udcca<\/div>\n      <h2>Ph\u00e2n t\u00edch chuy\u00ean s\u00e2u<\/h2>\n      <p>B\u00e0i vi\u1ebft ph\u00e2n t\u00edch, \u0111\u00e1nh gi\u00e1 xu h\u01b0\u1edbng v\u00e0 t\u00e1c \u0111\u1ed9ng c\u1ee7a c\u00f4ng ngh\u1ec7 t\u1edbi \u0111\u1eddi s\u1ed1ng.<\/p>\n    <\/div>\n    <div class=\"feature\">\n      <div class=\"icon\">\ud83c\udf10<\/div>\n      <h2>Xu h\u01b0\u1edbng to\u00e0n c\u1ea7u<\/h2>\n      <p>C\u1eadp nh\u1eadt c\u00e1c xu h\u01b0\u1edbng c\u00f4ng ngh\u1ec7 n\u1ed5i b\u1eadt tr\u00ean th\u1ebf gi\u1edbi v\u00e0 t\u1ea1i Vi\u1ec7t Nam.<\/p>\n    <\/div>\n  <\/section>\n  <section class=\"about\">\n    <h2>V\u1ec1 TechInsightNet.net<\/h2>\n    <p>\n      TechInsightNet.net l\u00e0 n\u1ec1n t\u1ea3ng t\u1ed5ng h\u1ee3p tri th\u1ee9c c\u00f4ng ngh\u1ec7, gi\u00fap b\u1ea1n ti\u1ebfp c\u1eadn th\u00f4ng tin m\u1edbi nh\u1ea5t, ph\u00e2n t\u00edch chuy\u00ean s\u00e2u v\u00e0 k\u1ebft n\u1ed1i c\u1ed9ng \u0111\u1ed3ng y\u00eau c\u00f4ng ngh\u1ec7.\n    <\/p>\n  <\/section>\n<\/div>\n<link rel=\"stylesheet\" href=\"style.css\">\n","protected":false},"excerpt":{"rendered":"<p>TechInsightNet.net Tin c\u00f4ng ngh\u1ec7 Ph\u00e2n t\u00edch Xu h\u01b0\u1edbng Li\u00ean h\u1ec7 Kh\u00e1m ph\u00e1 tri th\u1ee9c c\u00f4ng ngh\u1ec7 c\u00f9ng TechInsightNet.net C\u1eadp nh\u1eadt tin t\u1ee9c, ph\u00e2n t\u00edch chuy\u00ean s\u00e2u v\u00e0 xu h\u01b0\u1edbng c\u00f4ng ngh\u1ec7 m\u1edbi nh\u1ea5t m\u1ed7i ng\u00e0y. Xem b\u00e0i n\u1ed5i b\u1eadt \ud83d\udca1 Tin t\u1ee9c c\u00f4ng ngh\u1ec7 Th\u00f4ng tin m\u1edbi nh\u1ea5t v\u1ec1 c\u00f4ng ngh\u1ec7, s\u1ea3n ph\u1ea9m, startup v\u00e0 [&#8230;]\n","protected":false},"author":1,"featured_media":0,"parent":0,"menu_order":0,"comment_status":"closed","ping_status":"closed","template":"","meta":{"footnotes":""},"class_list":["post-9","page","type-page","status-publish","hentry"],"_links":{"self":[{"href":"https:\/\/techinsightnet.net\/index.php\/wp-json\/wp\/v2\/pages\/9","targetHints":{"allow":["GET"]}}],"collection":[{"href":"https:\/\/techinsightnet.net\/index.php\/wp-json\/wp\/v2\/pages"}],"about":[{"href":"https:\/\/techinsightnet.net\/index.php\/wp-json\/wp\/v2\/types\/page"}],"author":[{"embeddable":true,"href":"https:\/\/techinsightnet.net\/index.php\/wp-json\/wp\/v2\/users\/1"}],"replies":[{"embeddable":true,"href":"https:\/\/techinsightnet.net\/index.php\/wp-json\/wp\/v2\/comments?post=9"}],"version-history":[{"count":1,"href":"https:\/\/techinsightnet.net\/index.php\/wp-json\/wp\/v2\/pages\/9\/revisions"}],"predecessor-version":[{"id":11,"href":"https:\/\/techinsightnet.net\/index.php\/wp-json\/wp\/v2\/pages\/9\/revisions\/11"}],"wp:attachment":[{"href":"https:\/\/techinsightnet.net\/index.php\/wp-json\/wp\/v2\/media?parent=9"}],"curies":[{"name":"wp","href":"https:\/\/api.w.org\/{rel}","templated":true}]}}